{"id":7,"date":"2019-03-01T19:12:35","date_gmt":"2019-03-01T19:12:35","guid":{"rendered":"http:\/\/markusulmer.de\/?page_id=7"},"modified":"2023-12-27T16:31:06","modified_gmt":"2023-12-27T16:31:06","slug":"werkzeuge","status":"publish","type":"page","link":"https:\/\/www.leontodon-praxis.de\/?page_id=7","title":{"rendered":"Werkzeuge"},"content":{"rendered":"\n<details class=\"wp-block-details is-layout-flow wp-block-details-is-layout-flow\"><summary><strong>Augen- und Sehtraining<\/strong><\/summary>\n<p>Die Augen sind das wichtigste Sinnesorgan des Menschen. \u00dcber 80% der Informationen nehmen wir \u00fcber die Augen auf. Gleichzeitig sind unsere Augen im heutigen Alltag sehr beansprucht und die Sehleistung bereits beeintr\u00e4chtigt. Bildschirmarbeit, trockene und gereizte Augen, brennende Augen, Lichtempfindlichkeit, Konzentrationsst\u00f6rungen, Kopfschmerzen, Schlafst\u00f6rungen,&#8230;<br>Auch die mittlerweile nur noch verwendeten LED-Leuchtmittel, die in Bildschirmen, Lampen und Handys verbaut werden, stellen eine enorme Herausforderung f\u00fcr das Auge dar. In verschiedenen Workshops und Einzelterminen erfahren Sie, wie das Augen- und Sehtraining funktioniert, um so die Voraussetzung f\u00fcr klares, beschwerdefreies und entspanntes Sehen zu erhalten. Neben einfachen \u00dcbungen, erfahren Sie viel Wissenswertes \u00fcber das Auge, rund um das Auge und deren Sehkraft.<\/p>\n<\/details>\n\n\n\n<details class=\"wp-block-details is-layout-flow wp-block-details-is-layout-flow\"><summary><strong>AROHA\u00ae<\/strong><\/summary>\n<p>AROHA ist ein sanftes Ausdauertraining mit rhythmischer Musik. Die F\u00f6rderung des Selbstbewusstseins und das Sp\u00fcren der k\u00f6rperlichen und geistigen Kraft, wird durch st\u00e4ndig wechselnde spannungsvolle und entspannende Elemente erreicht; dies setzt verborgene Energien frei und bereitet der Seele ein Wohlbefinden.<\/p>\n<\/details>\n\n\n\n<details class=\"wp-block-details is-layout-flow wp-block-details-is-layout-flow\"><summary><strong>Befriedung von Anwesen<\/strong><\/summary>\n<p>Das Befrieden von Anwesen ist eine energetische Arbeit f\u00fcr Orte, H\u00e4user und Grundst\u00fccke. Die Geschichten und Dramen der Menschen hinterlassen oft Spuren an Orten, H\u00e4usern und Grundst\u00fccken. Diese Spuren kommen teils aus einer l\u00e4ngst vergangenen Zeit und sie k\u00f6nnen den heute dort lebenden Menschen Schwierigkeiten machen.&nbsp;<br>In alten \u00dcberlieferungen aus den urspr\u00fcnglichen Kulturen, wie z.B. in Nord-, Mittel- und S\u00fcdamerika gab es Rituale, mit deren Hilfe der Mensch seinen Platz , an dem er Teil seiner Um-Welt und gleichzeitig Mit-Sch\u00f6pfer mit der Welt war, neu ausrichtete. Der Mensch konnte sich wie selbstverst\u00e4ndlich in Frieden und Respekt mit seiner Umgebung entfalten.<\/p>\n\n\n\n<p>Dieses alte Wissen nutzen wir, wenn wir unsere Umgebung, unsere H\u00e4user, Wohnungen und Grundst\u00fccke bewusst befrieden und sie dazu bewusst mit hilfreichen Essenzen versehen.<br>Die Energien werden wieder neu auf den Mittelpunkt &#8222;unserer Welt&#8220; ausgerichtet und die Kr\u00e4fte der gew\u00e4hlten lichtvollen Essenzen, wie z.B. Gnade, Respekt, Heilung, H\u00f6chstes Wohl, Liebe, Miteinander, &#8230; werden eingeladen, unser Leben zu halten. So dient dieses Ritual , das Befrieden von Anwesen, sowohl unserer Umgebung als auch unserem Da-Sein auf allen Ebenen.<\/p>\n<\/details>\n\n\n\n<details class=\"wp-block-details is-layout-flow wp-block-details-is-layout-flow\"><summary><strong>Boogie-Busting<\/strong> (von Starr Fuentes)<\/summary>\n<p>Verschiedene Energien und Seelen, k\u00f6nnen sich an unsere Aura anh\u00e4ngen, uns beeinflussen, unser ganzes System schw\u00e4chen, bis hin zu k\u00f6rperlichen Beschwerden. Boogie-Busting ist ein sehr kraftvolles Ritual, diese Besetzungen abzul\u00f6sen.<\/p>\n<\/details>\n\n\n\n<details class=\"wp-block-details is-layout-flow wp-block-details-is-layout-flow\"><summary><strong>Coaching<\/strong><\/summary>\n<p> In manchen Situationen ist es f\u00fcr einen selbst schwierig, einen klaren  Kopf zu bewahren. Die eigenen Verstrickungen und Muster wahrzunehmen oder diese gar zu l\u00f6sen. Dabei ist es hilfreich einen  \u201eSpiegelhalter\u201c zu haben, der einem die eigenen Sabotageprogramme aufzeigt und frei von Wertung wohlwollend dabei unterst\u00fctzt, Altes abzulegen und Neues zu erschaffen.<\/p>\n<\/details>\n\n\n\n<details class=\"wp-block-details is-layout-flow wp-block-details-is-layout-flow\"><summary><strong>Divine Intervention<\/strong> (von Starr Fuentes) <\/summary>\n<p>DIVINE INTERVENTION stammt von den Curanderos, den mexikanischen Heilern. Es gibt mehrere Wege, diese Energie zu beschreiben: <\/p>\n\n\n\n<p> DIVINE INTERVENTION kann als das au\u00dfergew\u00f6hnlichste und eindringlichste  Gebet bezeichnet werden. Im Bruchteil einer Sekunde vereinigt es die  Kr\u00e4fte der Erde und der Sch\u00f6pfung. Dieses Gebet besitzt eine so starke energetische Kraft, dass es selbst bei schwerwiegenden k\u00f6rperlichen  Disbalancen gro\u00dfe Wirkung zeigen kann.<\/p>\n\n\n\n<p>DIVINE INTERVENTION ist die hohe Schule der Energie\u00fcbertragung- und bewegung. Wenn wir mit Divine  Intervention arbeiten betreten wir einen konkreten Dimensionsraum, das  bedeutet, wir begeben uns in eine bestimmte Schwingung. Dies erlaubt uns, die heilende Kraft des Lichts auf eine Weise zu vermitteln, die direkten, regenerierenden Einfluss auf schwere k\u00f6rperlich\/seelische  Disbalancen erm\u00f6glicht.  <\/p>\n\n\n\n<p>DIVINE INTERVENTION ist die besondere Kunst, die ben\u00f6tigt wird, um Selbstheilungskr\u00e4fte zu aktivieren.  <\/p>\n<\/details>\n\n\n\n<details class=\"wp-block-details is-layout-flow wp-block-details-is-layout-flow\"><summary><strong>Die Kerze als Werkzeug<\/strong><\/summary>\n<p>In vielen Kulturen ist Licht in allen Variationen ein wichtiges Symbol oder sogar ein Werkzeug. In fr\u00fcheren Zeiten wurden z. B. an Lichtmess die f\u00fcr das kommende Jahr ben\u00f6tigten Kerzen der Kirchen und der Familien geweiht. Hier erschaffen wir Kerzen, die wir mit bestimmten Energien, zu bestimmten Zwecken aufladen, damit sie als Werkzeug f\u00fcr uns arbeiten.<\/p>\n<\/details>\n\n\n\n<details class=\"wp-block-details is-layout-flow wp-block-details-is-layout-flow\"><summary><strong>Emotionalarbeit\u00ae<\/strong> (von Dorothee Schluchter) &#8222;Das Schwert der Klarheit&#8220;<\/summary>\n<p>unsere Gesellschaft lehrt uns ja bekanntlich nicht, verantwortlich mit unseren Gef\u00fchlen umzugehen und es gibt wenig Bewusstsein, dass jeder Mensch au\u00dfer seinem physischen K\u00f6rper unter anderen sogenannten \u201elichten K\u00f6rpern\u201c, auch einen Emotionalk\u00f6rper hat.<br><br>Du erlaubst Dir nicht, Wut, Angst, Trauer und Freude spontan auszuleben. Du unterdr\u00fcckst sie aus verschiedensten Gr\u00fcnden, dr\u00fcckst sie einfach weg. Dadurch entsteht im Emotionalk\u00f6rper eine mitunter explosive Ansammlung von Emotionen, also von angestauten, nicht ausgedr\u00fcckten Gef\u00fchlen, die mit viel Energieaufwand zur\u00fcckgehalten werden.<br><br>Und so kostet diese Kontrolle viel Deiner Lebenskraft, gelingt meist nicht wirklich und zeigt sich neben cholerischen Ausbr\u00fcchen oft sehr deutlich in \u201epsychosomatischen Beschwerden\u201c, Unwohlsein, Spannungen, Magenproblemen, Schlaflosigkeit, Depression, \u00dcberforderung, Burnout, Nervenzusammenbruch\u2026<\/p>\n\n\n\n<p>Die Arbeit am Wutkissen ist der erste Einstieg f\u00fcr Klienten in die&nbsp;bewusste Arbeit mit dem Emotionalk\u00f6rper, also in die Emotionalarbeit.&nbsp;Die meisten Menschen sp\u00fcren sehr deutlich, dass sie ihre angestaute Wut, die oftmals schon seit der Kindheit keinen angemessenen Ausdruck gefunden hatte, nur mit viel M\u00fche und Energieaufwand kontrollieren&nbsp;k\u00f6nnen.&nbsp;<br><br>Angestaute Wutemotion, die wahlweise&nbsp;zerst\u00f6rerisch nach innen oder nach au\u00dfen wirkt, gefahrlos auszudr\u00fccken,&nbsp;erm\u00f6glicht wieder, das echte, angemessene Gef\u00fchl der Wut wahrzunehmen und zu nutzen.<br><br>Bewusst empfundene und genutzte Wut ist eine ausgerichtete Kraft. Sie&nbsp;erm\u00e4chtigt den gesunden Krieger in den Menschen. Dieser gesunde Archetyp&nbsp;des Kriegers sagt bewusst JA oder NEIN, ist in der Lage, gesunde Grenzen zu setzen&#8230;<br><br>Die Bewertung und die Glaubenss\u00e4tze \u00fcber F\u00fchlen und Gef\u00fchle im Allgemeinen, und \u00fcber Wut im Besonderen, erfahren eine Wandlung.<br><br>Auch angestaute Angstthemen lassen&nbsp;sich mit der Arbeit am Kissen mit Hilfe des &#8222;Schwertes der Klarheit&#8220; aus dem Emotionalk\u00f6rper herausarbeiten.<\/p>\n<\/details>\n\n\n\n<details class=\"wp-block-details is-layout-flow wp-block-details-is-layout-flow\"><summary><strong>Engeldank <\/strong>(von Starr Fuentes)<\/summary>\n<p>Der Engeldank oder auch der \u201eDank an unsere Engel\u201c bietet uns die M\u00f6glichkeit, den Engeln f\u00fcr ihr Dienen und ihre Unterst\u00fctzung in allen Lebenslagen \u00fcber viele Jahre zu danken. Daf\u00fcr wird gemeinsam ein von Starr Fuentes gechannelter Text gelesen. Durch diese Art der Dankbarkeit kann ein Ausgleich im Geben und Nehmen erfolgen. Die eigene Verbindung zu den Engeln erf\u00e4hrt eine Kl\u00e4rung und erm\u00f6glicht eine flie\u00dfendere Kommunikation mit den Engeln.<\/p>\n<\/details>\n\n\n\n<details class=\"wp-block-details is-layout-flow wp-block-details-is-layout-flow\"><summary><strong>Familienaufstellung <\/strong>(von Dorothee Schluchter)<\/summary>\n<p>Familienaufstellung  bezeichnet ein Verfahren, bei dem Personen stellvertretend f\u00fcr  Mitglieder des Familiensystems eines Klienten konstellativ angeordnet (gestellt) werden, um aus einer dazu in Beziehung gesetzten Wahrnehmungsposition gewisse Muster innerhalb jenes Systems zu erkennen und aufzul\u00f6sen. <\/p>\n<\/details>\n\n\n\n<details class=\"wp-block-details is-layout-flow wp-block-details-is-layout-flow\"><summary><strong>Gel\u00fcbde aufl\u00f6sen<\/strong> (von Starr Fuentes)<\/summary>\n<p>Gel\u00fcbde sind heilige Worte, die wir in fr\u00fcheren Leben abgelegt haben, um \u201eB\u00f6ses zu vermeiden\u201c oder \u201eGutes zu tun\u201c. Bestenfalls sind uns diese Gel\u00f6bnisse aktuell nicht mehr n\u00fctzlich, schlimmstenfalls mischen sie sich aktiv in unser heutiges Leben ein und verhindern unsere Selbstverwirklichung.<\/p>\n<\/details>\n\n\n\n<details class=\"wp-block-details is-layout-flow wp-block-details-is-layout-flow\"><summary><strong>Lichtsprache<\/strong> (von Starr Fuentes) <\/summary>\n<p>Eine kraftvolle Heilweise, die seit 26 Generationen von den mexikanischen Curanderos, den mexikanischen Heilern weitergegeben wird. Durch diese Arbeit mit heiliger Geometrie und Farben wird die Aura in eine neue, gesunde Form gebracht, damit wir die Energien anziehen, die unser Leben unterst\u00fctzen, die neue Ergebnisse m\u00f6glich machen.<\/p>\n<\/details>\n\n\n\n<details class=\"wp-block-details is-layout-flow wp-block-details-is-layout-flow\"><summary><strong>Meditation<\/strong> (mit Engeln, Klangreisen, zur Entspannung)<\/summary>\n<p>Meditation bedeutet:<\/p>\n\n\n\n<ul>\n<li>*gegenw\u00e4rtig, im Hier und Jetzt zu sein &#8211; ohne etwas tun zu m\u00fcssen. <\/li>\n\n\n\n<li>*den st\u00e4ndigen Strom der Gedanken zur Ruhe kommen zu lassen und damit Achtsamkeit und Bewusstheit f\u00fcr den Alltag zu \u00fcben. <\/li>\n\n\n\n<li>*das Konzept des Ich zu \u00fcberschreiten und damit Stille, Leere, Freiheit, Weite, Sein und Frieden erfahren. <\/li>\n\n\n\n<li>*\u00fcben, Empfindungen, Gef\u00fchle und Gedanken bewusst wahrzunehmen. <\/li>\n\n\n\n<li>*in der Stille sich zu \u00f6ffnen f\u00fcr einen Bewusstseinsraum des Nichtdenkens und Nichtwissens und dadurch in Kontakt zu kommen mit den Kr\u00e4ften der Intuition, Inspiration und Kreativit\u00e4t.<\/li>\n<\/ul>\n<\/details>\n\n\n\n<ul><\/ul>\n\n\n\n<details class=\"wp-block-details is-layout-flow wp-block-details-is-layout-flow\"><summary><strong>Mensch Sein\/Auf dem Planeten Erde sein<\/strong> (von Starr Fuentes)<\/summary>\n<p>Vielen von uns f\u00e4llt es schwer, ein richtig intensives JA f\u00fcr das Leben im menschlichen K\u00f6rper zu finden. Dadurch werden unsere Manifestationen, unsere Erschaffungen oftmals nicht so kraftvoll und schnell, wie wir uns das w\u00fcnschen. Die Technik *Mensch Sein* stimmt unsere Nervensysteme wieder mit dem Da-Sein im irdisch-physisch-menschlichen K\u00f6rper ab, damit wir gerne und gut unseren Platz im K\u00f6rper und auf der Erde einnehmen.  <\/p>\n\n\n\n<p>*Auf dem Planeten Erde sein* ist die entsprechende Technik, die auch bei Tieren Anwendung findet, damit auch sie mit dem Leben hier auf der Erde und im physischen K\u00f6rper gut zurecht kommen.<\/p>\n<\/details>\n\n\n\n<details class=\"wp-block-details is-layout-flow wp-block-details-is-layout-flow\"><summary><strong>Musiktherapie<\/strong><\/summary>\n<p>Durch gezielten Einsatz von Musik wird in der Musiktherapie therapeutische Wirkung erzielt und dient der Wiederherstellung, Erhaltung und F\u00f6rderung psychischer und\/oder k\u00f6rperlicher Gesundheit. Durch ihre F\u00e4higkeit, starke emotionale Reaktionen hervorzurufen, war Musik schon fr\u00fch mit Heilung und Wohlbefinden verbunden. Ges\u00e4nge, Kl\u00e4nge und Rhythmen dienten, magisch verstanden, auf fr\u00fchen Kulturstufen zur Vertreibung von Krankheit. In der klassischen Antike ging man davon aus, dass sich kranke Menschen in Unordnung befinden und durch die Hilfe von Musik die geistige und seelische innere Harmonie wiederhergestellt werden kann.<\/p>\n<\/details>\n\n\n\n<details class=\"wp-block-details is-layout-flow wp-block-details-is-layout-flow\"><summary><strong>Spanische Technik<\/strong> (von Starr Fuentes)  <\/summary>\n<p>V\u00f6llig unterbewusst sind die meisten von uns auch heute noch in der Lage, mit Gedanken und Worten in die Aura und Chakren Anderer einzudringen und v\u00f6llig unbedacht Energien dort zu hinterlassen. Auch Neid l\u00f6st eine Welle von Energien aus, wenn wir davon getroffen werden, f\u00fchlen wir uns seltsam und wissen nicht warum. Das kann bis hin zu k\u00f6rperlichen Erscheinungen gehen. Auch wenn Menschen schon sehr weit in ihrer Entwicklung, Bewusstheit und Klarheit sind und sich trotzdem nicht wohl f\u00fchlen, sich z. B. keinen Erfolg, keine Heilung erlauben, kann auch das Folge von Energien sein, die sich in den Chakren oder Aura gesammelt haben. Mit Hilfe der Spanischen Technik k\u00f6nnen diese Energien ohne gro\u00dfen Aufwand aus den Chakren und K\u00f6rpersystemen entfernt werden. Auch bei Tieren anwendbar.<\/p>\n<\/details>\n\n\n\n<details class=\"wp-block-details is-layout-flow wp-block-details-is-layout-flow\"><summary> <strong>Soulpulling<\/strong> (von Starr Fuentes) <\/summary>\n<p>Um Stress-Situationen aushalten zu k\u00f6nnen, spalten wir einen Teil unserer Seele ab. Das geschieht oftmals schon in der Kindheit, wenn wir uns ausgeliefert f\u00fchlen\/tats\u00e4chlicher Gewalt ausgesetzt sind. Und so verlieren wir an Kraft, Pers\u00f6nlichkeit\u2026 Die Technik des Soulpulling erlaubt uns, diese Seelenanteile zur\u00fcck zu holen und sie wieder sanft in unser System zu integrieren. Besonders wichtig f\u00fcr all Jene, die in den letzten Wochen und Monaten durch EmoiA-Prozesse gegangen sind. Durch das \u201eAufr\u00e4umen\u201c ist Platz frei, die abgespaltenen Seelenanteile zu umarmen. Kraft, Ausrichtung und Einzigartigkeit k\u00f6nnen deutlich wachsen, Du wirst wieder ein gro\u00dfes St\u00fcck mehr so, wie Du gemeint bist&#8230;  <\/p>\n<\/details>\n\n\n\n<details class=\"wp-block-details is-layout-flow wp-block-details-is-layout-flow\"><summary><strong>Weben mit Licht und Energie<\/strong> (von Starr Fuentes) <\/summary>\n<p>Die Curanderos, die mexikanischen Heiler, sind der Ansicht, dass Energie ohne lichtvolle F\u00fchrung und Licht ohne kraftvolle Energie nicht die Ergebnisse in unserem K\u00f6rper und auch in unserem Leben machen, die wir brauchen.<br>Sie sehen hier eine Ursache f\u00fcr Erkrankungen, Schmerzen, Kraftlosigkeit, Unklarheit. Durch Behandlung mit der Technik \u201eWeben mit Licht und Energie\u201c wird Licht zur Energie und Energie zum Licht gebracht und auf allen Ebenen miteinander \u201everwoben\u201c und arbeiten so wieder gesund zusammen.<\/p>\n<\/details>\n\n\n\n<details class=\"wp-block-details is-layout-flow wp-block-details-is-layout-flow\"><summary><strong>Wellness<\/strong><\/summary>\n<p>*Augenmassage<br>*Honigmassage<br>*NADA<br>*Massage mit \u00e4therischen \u00d6len (Raindrop)<\/p>\n<\/details>\n\n\n\n<p><\/p>\n","protected":false},"excerpt":{"rendered":"","protected":false},"author":1,"featured_media":0,"parent":0,"menu_order":0,"comment_status":"closed","ping_status":"closed","template":"","meta":{"footnotes":""},"_links":{"self":[{"href":"https:\/\/www.leontodon-praxis.de\/index.php?rest_route=\/wp\/v2\/pages\/7"}],"collection":[{"href":"https:\/\/www.leontodon-praxis.de\/index.php?rest_route=\/wp\/v2\/pages"}],"about":[{"href":"https:\/\/www.leontodon-praxis.de\/index.php?rest_route=\/wp\/v2\/types\/page"}],"author":[{"embeddable":true,"href":"https:\/\/www.leontodon-praxis.de\/index.php?rest_route=\/wp\/v2\/users\/1"}],"replies":[{"embeddable":true,"href":"https:\/\/www.leontodon-praxis.de\/index.php?rest_route=%2Fwp%2Fv2%2Fcomments&post=7"}],"version-history":[{"count":43,"href":"https:\/\/www.leontodon-praxis.de\/index.php?rest_route=\/wp\/v2\/pages\/7\/revisions"}],"predecessor-version":[{"id":332,"href":"https:\/\/www.leontodon-praxis.de\/index.php?rest_route=\/wp\/v2\/pages\/7\/revisions\/332"}],"wp:attachment":[{"href":"https:\/\/www.leontodon-praxis.de\/index.php?rest_route=%2Fwp%2Fv2%2Fmedia&parent=7"}],"curies":[{"name":"wp","href":"https:\/\/api.w.org\/{rel}","templated":true}]}}