{"id":61,"date":"2019-03-13T15:00:33","date_gmt":"2019-03-13T15:00:33","guid":{"rendered":"http:\/\/markusulmer.de\/?page_id=61"},"modified":"2023-11-17T14:10:59","modified_gmt":"2023-11-17T14:10:59","slug":"infos","status":"publish","type":"page","link":"https:\/\/www.leontodon-praxis.de\/?page_id=61","title":{"rendered":"Infos"},"content":{"rendered":"\n<p>Heilpraktiker f\u00fcr Psychotherapie und Musiktherapeuten sind in ihrer Honorargestaltung frei und unabh\u00e4ngig. Das Verh\u00e4ltnis zwischen Heilpraktiker f\u00fcr Psychotherapie und Klient beruht auf einem Dienstvertrag nach b\u00fcrgerlichem Recht. Dieser Vertrag ist laut \u00a7 145 BGB nicht an eine Form gebunden und kommt auch ohne ausdr\u00fcckliche Vereinbarung durch schl\u00fcssige Handlung zustande.<\/p>\n\n\n\n<p>Mein Honorar f\u00fcr die Behandlung richtet sich nach dem Zeitaufwand und wird mit 83,- Euro pro Zeitstunde berechnet. In der Regel ist der Zeitrahmen f\u00fcr ein erstes Anamnesegespr\u00e4ch zwischen 60 und 90 Minuten, also 83,- Euro bis 124,50 Euro. Die weiteren sinnvollen und passenden Behandlungsschritte und deren Kosten werden selbstverst\u00e4ndlich individuell im Vorfeld besprochen.<br>  <br>Bitte beachten Sie, dass Heilpraktiker f\u00fcr Psychotherapie und Musiktherapeuten keine M\u00f6glichkeit haben, selbst mit der Krankenkasse abzurechnen. Das hei\u00dft, der Klient bezahlt das Honorar direkt an den Heilpraktiker nach Erhalt der Rechnung \u00fcber die erbrachten Leistungen innerhalb von 10 Tagen unter Angabe der Rechnungsnummer.<br> <br>Gesetzliche Krankenversicherungen \u00fcbernehmen in der Regel keine Kostenerstattung f\u00fcr Behandlungsleistungen durch einen Heilpraktiker oder Musiktherapeuten. Private (Zusatz-) Versicherungen erstatten Behandlungskosten in der Regel im Rahmen einer Leistungsberechnung nach der Geb\u00fchrenordnung f\u00fcr Heilpraktiker (Geb\u00fcH). Die H\u00f6he der Erstattung kann je nach Versicherung und Vertrag unterschiedlich ausfallen.<br> <br>Das im Dienstvertag vereinbarte Honorar ist verbindlich und ist immer in voller H\u00f6he zu begleichen, unabh\u00e4ngig davon, ob und in welcher H\u00f6he Krankenversicherungen Erstattungen leisten. Auch ist die Begleichung des Honorars nicht von einem Heilerfolg abh\u00e4ngig. Es besteht jedoch f\u00fcr den Heilpraktiker die Verpflichtung zu einer gewissenhaften Behandlung unter Beachtung der Aufkl\u00e4rungs- und Sorgfaltspflicht.<br> <br>Sollten Sie einen Termin nicht wahrnehmen k\u00f6nnen, bitte rechtzeitig absagen!<\/p>\n\n\n\n<p>Ich bin gesetzlich verpflichtet, auf folgendes hinzuweisen: \u201c<em>Meine gesundheitliche Beratung und<\/em>\n<em>Unterst\u00fctzung ersetzt nicht die Diagnose oder Behandlung durch einen Arzt oder Heilpraktiker.\u201d <\/em>\nAlle Angaben sind ohne Gew\u00e4hr und unverbindlich.\n\nDie Arbeit mit mir und meinen Werkzeugen ersetzt weder die Untersuchung noch die Betreuung durch einen Heilpraktiker oder Arzt. Das Ziel ist die Aktivierung, die St\u00e4rkung und Wiederaufbau der Lebensenergie und der Selbstheilungskr\u00e4fte, sowie die F\u00f6rderung des Heilungsprozesses im ganzheitlichen Sinne. Wichtig und ma\u00dfgeblich ist die F\u00f6rderung der Eigenverantwortung des Menschen. Heilung kann im\nganzheitlichen Sinne zu jeder Zeit und in jeder Lebenssituation geschehen.<\/p>\n\n\n\n<p><\/p>\n","protected":false},"excerpt":{"rendered":"<p>Heilpraktiker f\u00fcr Psychotherapie und Musiktherapeuten sind in ihrer Honorargestaltung frei und unabh\u00e4ngig. Das Verh\u00e4ltnis zwischen Heilpraktiker f\u00fcr Psychotherapie und Klient beruht auf einem Dienstvertrag nach b\u00fcrgerlichem Recht. Dieser Vertrag ist laut \u00a7 145 BGB nicht an eine Form gebunden und kommt auch ohne ausdr\u00fcckliche Vereinbarung durch schl\u00fcssige Handlung zustande. Mein Honorar f\u00fcr die Behandlung richtet &hellip; <\/p>\n<p class=\"link-more\"><a href=\"https:\/\/www.leontodon-praxis.de\/?page_id=61\" class=\"more-link\"><span class=\"screen-reader-text\">\u201eInfos\u201c<\/span> weiterlesen<\/a><\/p>\n","protected":false},"author":1,"featured_media":0,"parent":0,"menu_order":0,"comment_status":"closed","ping_status":"closed","template":"","meta":{"footnotes":""},"_links":{"self":[{"href":"https:\/\/www.leontodon-praxis.de\/index.php?rest_route=\/wp\/v2\/pages\/61"}],"collection":[{"href":"https:\/\/www.leontodon-praxis.de\/index.php?rest_route=\/wp\/v2\/pages"}],"about":[{"href":"https:\/\/www.leontodon-praxis.de\/index.php?rest_route=\/wp\/v2\/types\/page"}],"author":[{"embeddable":true,"href":"https:\/\/www.leontodon-praxis.de\/index.php?rest_route=\/wp\/v2\/users\/1"}],"replies":[{"embeddable":true,"href":"https:\/\/www.leontodon-praxis.de\/index.php?rest_route=%2Fwp%2Fv2%2Fcomments&post=61"}],"version-history":[{"count":13,"href":"https:\/\/www.leontodon-praxis.de\/index.php?rest_route=\/wp\/v2\/pages\/61\/revisions"}],"predecessor-version":[{"id":292,"href":"https:\/\/www.leontodon-praxis.de\/index.php?rest_route=\/wp\/v2\/pages\/61\/revisions\/292"}],"wp:attachment":[{"href":"https:\/\/www.leontodon-praxis.de\/index.php?rest_route=%2Fwp%2Fv2%2Fmedia&parent=61"}],"curies":[{"name":"wp","href":"https:\/\/api.w.org\/{rel}","templated":true}]}}