{"id":27,"date":"2019-03-04T23:26:48","date_gmt":"2019-03-04T23:26:48","guid":{"rendered":"http:\/\/markusulmer.de\/?page_id=27"},"modified":"2023-06-25T13:25:27","modified_gmt":"2023-06-25T13:25:27","slug":"hallo-zusammen","status":"publish","type":"page","link":"https:\/\/www.leontodon-praxis.de\/","title":{"rendered":"Herzlich Willkommen!!"},"content":{"rendered":"\n<p><strong>&#8222;Gesundheit ist kein Zustand des K\u00f6rpers, sondern des Geistes&#8220;<\/strong><em> &#8211; Mary Baker Eddy<\/em><\/p>\n\n\n\n<p>In der heutigen Zeit hei\u00dft Gesundheit, die Abwesenheit von Krankheit. Vieles wird unternommen um Krankheit zu verhindern, zu vermeiden oder diese sogar zu ignorieren. F\u00fcr mich ist Krankheit kein Symptom. Krankheit ist ein Wegweiser. Wohin soll ich meinen Blick wenden oder mit welcher Herausforderung habe ich es gerade zu tun. Mit dem Geist und meinen Gedanken beeinflusse ich meinen K\u00f6rper, meinen Alltag und somit auch meine Gesundheit. Meine Gedanken erschaffen meine Realit\u00e4t. Nicht immer sind die Ergebnisse so, wie ich sie mir vorstelle. Mit Hilfe von Familienaufstellung oder Emotionalarbeit k\u00f6nnen Sie einen Blick auf Ihre Situation werfen und von au\u00dfen betrachten, was es gerade im Moment braucht. Unter &#8222;Werkzeuge&#8220; finden Sie weitere Techniken, die bei der Betrachtung unterst\u00fctzen k\u00f6nnen.  Ich w\u00fcnsche Ihnen viel Spa\u00df beim Durchlesen meiner Webseite und freue mich auf unsere erste Begegnung.<\/p>\n\n\n\n<h2 class=\"wp-block-heading has-text-align-center\"><\/h2>\n\n\n\n<p><br><br><\/p>\n\n\n\n<p><\/p>\n","protected":false},"excerpt":{"rendered":"<p>&#8222;Gesundheit ist kein Zustand des K\u00f6rpers, sondern des Geistes&#8220; &#8211; Mary Baker Eddy In der heutigen Zeit hei\u00dft Gesundheit, die Abwesenheit von Krankheit. Vieles wird unternommen um Krankheit zu verhindern, zu vermeiden oder diese sogar zu ignorieren. F\u00fcr mich ist Krankheit kein Symptom. Krankheit ist ein Wegweiser. Wohin soll ich meinen Blick wenden oder mit &hellip; <\/p>\n<p class=\"link-more\"><a href=\"https:\/\/www.leontodon-praxis.de\/\" class=\"more-link\"><span class=\"screen-reader-text\">\u201eHerzlich Willkommen!!\u201c<\/span> weiterlesen<\/a><\/p>\n","protected":false},"author":1,"featured_media":0,"parent":0,"menu_order":0,"comment_status":"closed","ping_status":"closed","template":"","meta":{"footnotes":""},"_links":{"self":[{"href":"https:\/\/www.leontodon-praxis.de\/index.php?rest_route=\/wp\/v2\/pages\/27"}],"collection":[{"href":"https:\/\/www.leontodon-praxis.de\/index.php?rest_route=\/wp\/v2\/pages"}],"about":[{"href":"https:\/\/www.leontodon-praxis.de\/index.php?rest_route=\/wp\/v2\/types\/page"}],"author":[{"embeddable":true,"href":"https:\/\/www.leontodon-praxis.de\/index.php?rest_route=\/wp\/v2\/users\/1"}],"replies":[{"embeddable":true,"href":"https:\/\/www.leontodon-praxis.de\/index.php?rest_route=%2Fwp%2Fv2%2Fcomments&post=27"}],"version-history":[{"count":44,"href":"https:\/\/www.leontodon-praxis.de\/index.php?rest_route=\/wp\/v2\/pages\/27\/revisions"}],"predecessor-version":[{"id":278,"href":"https:\/\/www.leontodon-praxis.de\/index.php?rest_route=\/wp\/v2\/pages\/27\/revisions\/278"}],"wp:attachment":[{"href":"https:\/\/www.leontodon-praxis.de\/index.php?rest_route=%2Fwp%2Fv2%2Fmedia&parent=27"}],"curies":[{"name":"wp","href":"https:\/\/api.w.org\/{rel}","templated":true}]}}